{"id":866,"date":"2019-04-18T11:16:34","date_gmt":"2019-04-18T11:16:34","guid":{"rendered":"https:\/\/envothemes.com\/envo-ecommerce\/?page_id=53"},"modified":"2026-01-22T07:26:51","modified_gmt":"2026-01-22T07:26:51","slug":"about-us","status":"publish","type":"page","link":"https:\/\/www.kolgas.tech\/index.php\/about-us\/","title":{"rendered":"O n\u00e1s"},"content":{"rendered":"\t\t<div data-elementor-type=\"wp-post\" data-elementor-id=\"866\" class=\"elementor elementor-866\">\n\t\t\t\t\t\t<section class=\"elementor-section elementor-top-section elementor-element elementor-element-224b9b6 elementor-section-full_width elementor-section-height-default elementor-section-height-default\" data-id=\"224b9b6\" data-element_type=\"section\" data-settings=\"{&quot;background_background&quot;:&quot;classic&quot;,&quot;shape_divider_bottom&quot;:&quot;tilt&quot;}\">\n\t\t\t\t\t\t\t<div class=\"elementor-background-overlay\"><\/div>\n\t\t\t\t\t\t<div class=\"elementor-shape elementor-shape-bottom\" aria-hidden=\"true\" data-negative=\"false\">\n\t\t\t<svg xmlns=\"http:\/\/www.w3.org\/2000\/svg\" viewBox=\"0 0 1000 100\" preserveAspectRatio=\"none\">\n\t<path class=\"elementor-shape-fill\" d=\"M0,6V0h1000v100L0,6z\"\/>\n<\/svg>\t\t<\/div>\n\t\t\t\t\t<div class=\"elementor-container elementor-column-gap-default\">\n\t\t\t\t\t<div class=\"elementor-column elementor-col-100 elementor-top-column elementor-element elementor-element-d0f980b\" data-id=\"d0f980b\" data-element_type=\"column\">\n\t\t\t<div class=\"elementor-widget-wrap elementor-element-populated\">\n\t\t\t\t\t\t<section class=\"elementor-section elementor-inner-section elementor-element elementor-element-231d5ba elementor-section-boxed elementor-section-height-default elementor-section-height-default\" data-id=\"231d5ba\" data-element_type=\"section\">\n\t\t\t\t\t\t<div class=\"elementor-container elementor-column-gap-default\">\n\t\t\t\t\t<div class=\"elementor-column elementor-col-100 elementor-inner-column elementor-element elementor-element-2c9489b\" data-id=\"2c9489b\" data-element_type=\"column\">\n\t\t\t<div class=\"elementor-widget-wrap elementor-element-populated\">\n\t\t\t\t\t\t<div class=\"elementor-element elementor-element-2d06514 elementor-widget elementor-widget-heading\" data-id=\"2d06514\" data-element_type=\"widget\" data-widget_type=\"heading.default\">\n\t\t\t\t\t<h2 class=\"elementor-heading-title elementor-size-default\">O n\u00e1s<\/h2>\t\t\t\t<\/div>\n\t\t\t\t<div class=\"elementor-element elementor-element-e02ce18 elementor-widget elementor-widget-heading\" data-id=\"e02ce18\" data-element_type=\"widget\" data-widget_type=\"heading.default\">\n\t\t\t\t\t<h4 class=\"elementor-heading-title elementor-size-default\">\u201csiln\u00ed lid\u00e9 \u2014 siln\u00fd t\u00fdm \u2014 kvalitn\u00ed pr\u00e1ce \u2014 kvalitn\u00ed \u017eivot\u201d<\/h4>\t\t\t\t<\/div>\n\t\t\t\t\t<\/div>\n\t\t<\/div>\n\t\t\t\t\t<\/div>\n\t\t<\/section>\n\t\t\t\t\t<\/div>\n\t\t<\/div>\n\t\t\t\t\t<\/div>\n\t\t<\/section>\n\t\t\t\t<section class=\"elementor-section elementor-top-section elementor-element elementor-element-9a8bc7c elementor-section-boxed elementor-section-height-default elementor-section-height-default\" data-id=\"9a8bc7c\" data-element_type=\"section\">\n\t\t\t\t\t\t<div class=\"elementor-container elementor-column-gap-default\">\n\t\t\t\t\t<div class=\"elementor-column elementor-col-50 elementor-top-column elementor-element elementor-element-600fc55 animated-slow elementor-invisible\" data-id=\"600fc55\" data-element_type=\"column\" data-settings=\"{&quot;animation&quot;:&quot;fadeInLeft&quot;}\">\n\t\t\t<div class=\"elementor-widget-wrap elementor-element-populated\">\n\t\t\t\t\t\t<div class=\"elementor-element elementor-element-6da43f9 elementor-widget__width-initial elementor-widget-divider--view-line elementor-widget elementor-widget-divider\" data-id=\"6da43f9\" data-element_type=\"widget\" data-widget_type=\"divider.default\">\n\t\t\t\t\t\t\t<div class=\"elementor-divider\">\n\t\t\t<span class=\"elementor-divider-separator\">\n\t\t\t\t\t\t<\/span>\n\t\t<\/div>\n\t\t\t\t\t\t<\/div>\n\t\t\t\t<div class=\"elementor-element elementor-element-1694963 elementor-widget__width-auto elementor-widget elementor-widget-heading\" data-id=\"1694963\" data-element_type=\"widget\" data-settings=\"{&quot;_animation&quot;:&quot;none&quot;,&quot;_animation_delay&quot;:300}\" data-widget_type=\"heading.default\">\n\t\t\t\t\t<h3 class=\"elementor-heading-title elementor-size-default\">About<\/h3>\t\t\t\t<\/div>\n\t\t\t\t<div class=\"elementor-element elementor-element-76e2d41 elementor-widget elementor-widget-heading\" data-id=\"76e2d41\" data-element_type=\"widget\" data-widget_type=\"heading.default\">\n\t\t\t\t\t<h2 class=\"elementor-heading-title elementor-size-default\">Tradi\u010dn\u00ed metody, modern\u00ed p\u0159\u00edstup<\/h2>\t\t\t\t<\/div>\n\t\t\t\t<div class=\"elementor-element elementor-element-dbb89d1 elementor-widget elementor-widget-text-editor\" data-id=\"dbb89d1\" data-element_type=\"widget\" data-widget_type=\"text-editor.default\">\n\t\t\t\t\t\t\t\t\t<p>Rozhodli jsme se, \u017ee to zkus\u00edme jinak. Spojili jsme na\u0161e zku\u0161enosti a zalo\u017eili vlastn\u00ed firmu, kde hraje hlavn\u00ed roli efektivita, spolupr\u00e1ce a technologick\u00e9 my\u0161len\u00ed. V\u011b\u0159\u00edme, \u017ee i technick\u00fd projekt m\u016f\u017ee m\u00edt du\u0161i a \u017ee dobr\u00fd n\u00e1vrh u\u0161et\u0159\u00ed \u010das, pen\u00edze i starosti v\u0161em z\u00fa\u010dastn\u011bn\u00fdm.<\/p>\t\t\t\t\t\t\t\t<\/div>\n\t\t\t\t\t<\/div>\n\t\t<\/div>\n\t\t\t\t<div class=\"elementor-column elementor-col-50 elementor-top-column elementor-element elementor-element-b16bf7b\" data-id=\"b16bf7b\" data-element_type=\"column\">\n\t\t\t<div class=\"elementor-widget-wrap elementor-element-populated\">\n\t\t\t\t\t\t<div class=\"elementor-element elementor-element-b6bf83b elementor-widget elementor-widget-image\" data-id=\"b6bf83b\" data-element_type=\"widget\" data-widget_type=\"image.default\">\n\t\t\t\t\t\t\t\t\t\t\t\t\t\t\t<img fetchpriority=\"high\" decoding=\"async\" width=\"2211\" height=\"2560\" src=\"https:\/\/www.kolgas.tech\/wp-content\/uploads\/2026\/01\/IMG_2288-scaled.jpeg\" class=\"attachment-full size-full wp-image-1019\" alt=\"\" srcset=\"https:\/\/www.kolgas.tech\/wp-content\/uploads\/2026\/01\/IMG_2288-scaled.jpeg 2211w, https:\/\/www.kolgas.tech\/wp-content\/uploads\/2026\/01\/IMG_2288-259x300.jpeg 259w, https:\/\/www.kolgas.tech\/wp-content\/uploads\/2026\/01\/IMG_2288-885x1024.jpeg 885w, https:\/\/www.kolgas.tech\/wp-content\/uploads\/2026\/01\/IMG_2288-768x889.jpeg 768w, https:\/\/www.kolgas.tech\/wp-content\/uploads\/2026\/01\/IMG_2288-1327x1536.jpeg 1327w, https:\/\/www.kolgas.tech\/wp-content\/uploads\/2026\/01\/IMG_2288-1769x2048.jpeg 1769w\" sizes=\"(max-width: 2211px) 100vw, 2211px\" \/>\t\t\t\t\t\t\t\t\t\t\t\t\t\t\t<\/div>\n\t\t\t\t\t<\/div>\n\t\t<\/div>\n\t\t\t\t\t<\/div>\n\t\t<\/section>\n\t\t\t\t<section class=\"elementor-section elementor-top-section elementor-element elementor-element-9e9a9ca elementor-section-boxed elementor-section-height-default elementor-section-height-default\" data-id=\"9e9a9ca\" data-element_type=\"section\">\n\t\t\t\t\t\t<div class=\"elementor-container elementor-column-gap-default\">\n\t\t\t\t\t<div class=\"elementor-column elementor-col-50 elementor-top-column elementor-element elementor-element-1e55b3f\" data-id=\"1e55b3f\" data-element_type=\"column\">\n\t\t\t<div class=\"elementor-widget-wrap elementor-element-populated\">\n\t\t\t\t\t\t<div class=\"elementor-element elementor-element-e425e9e elementor-widget elementor-widget-image\" data-id=\"e425e9e\" data-element_type=\"widget\" data-widget_type=\"image.default\">\n\t\t\t\t\t\t\t\t\t\t\t\t\t\t\t<img decoding=\"async\" width=\"2229\" height=\"2560\" src=\"https:\/\/www.kolgas.tech\/wp-content\/uploads\/2026\/01\/IMG_2287-scaled.jpeg\" class=\"attachment-full size-full wp-image-1023\" alt=\"\" srcset=\"https:\/\/www.kolgas.tech\/wp-content\/uploads\/2026\/01\/IMG_2287-scaled.jpeg 2229w, https:\/\/www.kolgas.tech\/wp-content\/uploads\/2026\/01\/IMG_2287-261x300.jpeg 261w, https:\/\/www.kolgas.tech\/wp-content\/uploads\/2026\/01\/IMG_2287-891x1024.jpeg 891w, https:\/\/www.kolgas.tech\/wp-content\/uploads\/2026\/01\/IMG_2287-768x882.jpeg 768w, https:\/\/www.kolgas.tech\/wp-content\/uploads\/2026\/01\/IMG_2287-1337x1536.jpeg 1337w, https:\/\/www.kolgas.tech\/wp-content\/uploads\/2026\/01\/IMG_2287-1783x2048.jpeg 1783w\" sizes=\"(max-width: 2229px) 100vw, 2229px\" \/>\t\t\t\t\t\t\t\t\t\t\t\t\t\t\t<\/div>\n\t\t\t\t\t<\/div>\n\t\t<\/div>\n\t\t\t\t<div class=\"elementor-column elementor-col-50 elementor-top-column elementor-element elementor-element-77980f6 animated-slow elementor-invisible\" data-id=\"77980f6\" data-element_type=\"column\" data-settings=\"{&quot;animation&quot;:&quot;fadeInLeft&quot;}\">\n\t\t\t<div class=\"elementor-widget-wrap elementor-element-populated\">\n\t\t\t\t\t\t<div class=\"elementor-element elementor-element-63ac6d5 elementor-widget__width-initial elementor-widget-divider--view-line elementor-widget elementor-widget-divider\" data-id=\"63ac6d5\" data-element_type=\"widget\" data-widget_type=\"divider.default\">\n\t\t\t\t\t\t\t<div class=\"elementor-divider\">\n\t\t\t<span class=\"elementor-divider-separator\">\n\t\t\t\t\t\t<\/span>\n\t\t<\/div>\n\t\t\t\t\t\t<\/div>\n\t\t\t\t<div class=\"elementor-element elementor-element-78a6bad elementor-widget__width-auto elementor-widget elementor-widget-heading\" data-id=\"78a6bad\" data-element_type=\"widget\" data-settings=\"{&quot;_animation&quot;:&quot;none&quot;,&quot;_animation_delay&quot;:300}\" data-widget_type=\"heading.default\">\n\t\t\t\t\t<h3 class=\"elementor-heading-title elementor-size-default\">Explore<\/h3>\t\t\t\t<\/div>\n\t\t\t\t<div class=\"elementor-element elementor-element-5a2c428 elementor-widget elementor-widget-heading\" data-id=\"5a2c428\" data-element_type=\"widget\" data-widget_type=\"heading.default\">\n\t\t\t\t\t<h2 class=\"elementor-heading-title elementor-size-default\">Profesn\u00ed t\u00fdm - rodinn\u00fd p\u0159\u00edstup<\/h2>\t\t\t\t<\/div>\n\t\t\t\t<div class=\"elementor-element elementor-element-a0a3290 elementor-widget elementor-widget-text-editor\" data-id=\"a0a3290\" data-element_type=\"widget\" data-widget_type=\"text-editor.default\">\n\t\t\t\t\t\t\t\t\t<p>V pr\u00e1ci tr\u00e1v\u00edme velkou \u010d\u00e1st na\u0161eho \u017eivota, a proto jsme si dali z\u00e1le\u017eet na tom, aby na\u0161e firma nebyla jen m\u00edstem v\u00fdkonu povol\u00e1n\u00ed, ale i prost\u0159ed\u00edm, kde se lid\u00e9 c\u00edt\u00ed dob\u0159e. Budujeme rodinnou atmosf\u00e9ru zalo\u017eenou na vz\u00e1jemn\u00e9 d\u016fv\u011b\u0159e, respektu a podpo\u0159e.\u00a0<\/p>\t\t\t\t\t\t\t\t<\/div>\n\t\t\t\t\t<\/div>\n\t\t<\/div>\n\t\t\t\t\t<\/div>\n\t\t<\/section>\n\t\t\t\t<\/div>\n\t\t","protected":false},"excerpt":{"rendered":"<p>O n\u00e1s \u201csiln\u00ed lid\u00e9 \u2014 siln\u00fd t\u00fdm \u2014 kvalitn\u00ed pr\u00e1ce \u2014 kvalitn\u00ed \u017eivot\u201d About Tradi\u010dn\u00ed metody, modern\u00ed p\u0159\u00edstup Rozhodli jsme se, \u017ee to zkus\u00edme jinak. Spojili jsme na\u0161e zku\u0161enosti a zalo\u017eili vlastn\u00ed firmu, kde hraje&hellip;<\/p>\n","protected":false},"author":1,"featured_media":0,"parent":0,"menu_order":0,"comment_status":"closed","ping_status":"closed","template":"template-parts\/template-page-builders.php","meta":{"_crdt_document":"","_kadence_starter_templates_imported_post":false,"footnotes":""},"class_list":["post-866","page","type-page","status-publish","hentry"],"_links":{"self":[{"href":"https:\/\/www.kolgas.tech\/index.php\/wp-json\/wp\/v2\/pages\/866","targetHints":{"allow":["GET"]}}],"collection":[{"href":"https:\/\/www.kolgas.tech\/index.php\/wp-json\/wp\/v2\/pages"}],"about":[{"href":"https:\/\/www.kolgas.tech\/index.php\/wp-json\/wp\/v2\/types\/page"}],"author":[{"embeddable":true,"href":"https:\/\/www.kolgas.tech\/index.php\/wp-json\/wp\/v2\/users\/1"}],"replies":[{"embeddable":true,"href":"https:\/\/www.kolgas.tech\/index.php\/wp-json\/wp\/v2\/comments?post=866"}],"version-history":[{"count":51,"href":"https:\/\/www.kolgas.tech\/index.php\/wp-json\/wp\/v2\/pages\/866\/revisions"}],"predecessor-version":[{"id":1092,"href":"https:\/\/www.kolgas.tech\/index.php\/wp-json\/wp\/v2\/pages\/866\/revisions\/1092"}],"wp:attachment":[{"href":"https:\/\/www.kolgas.tech\/index.php\/wp-json\/wp\/v2\/media?parent=866"}],"curies":[{"name":"wp","href":"https:\/\/api.w.org\/{rel}","templated":true}]}}